{"id":22949,"date":"2025-11-10T12:17:09","date_gmt":"2025-11-10T19:17:09","guid":{"rendered":"https:\/\/kncessentials.shop\/?post_type=product&#038;p=22949"},"modified":"2025-12-27T07:18:58","modified_gmt":"2025-12-27T14:18:58","slug":"christmas-spirit-ephemeras-54-die-cuts-sc025","status":"publish","type":"product","link":"https:\/\/kncessentials.shop\/es\/producto\/christmas-spirit-ephemeras-54-die-cuts-sc025\/","title":{"rendered":"Christmas Spirit Ephemeras CS025 \u2013 Vintage-style Christmas Spirit Ephemeras \u2013 54 die cuts made in the USA"},"content":{"rendered":"<p style=\"text-align: center;\" data-start=\"728\" data-end=\"928\">Our <strong data-start=\"732\" data-end=\"762\">Christmas Spirit Ephemeras<\/strong> include <strong data-start=\"771\" data-end=\"786\">54 die cuts<\/strong>, beautifully designed and <strong data-start=\"813\" data-end=\"837\">made in the USA \ud83c\uddfa\ud83c\uddf8<\/strong>. Printed with high-quality finishes to bring a magical holiday touch to your projects. \u2728<\/p>\n<p style=\"text-align: center;\" data-start=\"930\" data-end=\"1064\">Perfect for <strong data-start=\"942\" data-end=\"991\">journaling, cardmaking, and scrapbook layouts<\/strong>, these lovely pieces will fill your creations with Christmas cheer. \ud83c\udf81<\/p>\n<p style=\"text-align: center;\" data-start=\"1066\" data-end=\"1203\">With a charming <strong data-start=\"1082\" data-end=\"1099\">vintage style<\/strong> and a touch of <strong data-start=\"1115\" data-end=\"1140\">fresh, modern designs<\/strong>, this collection is sure to become one of your favorites! \u2764\ufe0f<\/p>\n<hr data-start=\"1205\" data-end=\"1208\" \/>\n<h3 style=\"text-align: center;\" data-start=\"1210\" data-end=\"1245\"><\/h3>\n<p style=\"text-align: center;\" data-start=\"1247\" data-end=\"1457\">Nuestras <strong data-start=\"1256\" data-end=\"1286\">Ephemeras Christmas Spirit<\/strong> incluyen <strong data-start=\"1296\" data-end=\"1311\">54 die cuts<\/strong>, bellamente dise\u00f1ados y <strong data-start=\"1336\" data-end=\"1362\">hechos en EE. UU. \ud83c\uddfa\ud83c\uddf8<\/strong>. Impresos con acabados de alta calidad para dar a tus proyectos ese toque m\u00e1gico navide\u00f1o. \u2728<\/p>\n<p style=\"text-align: center;\" data-start=\"1459\" data-end=\"1585\">Perfectas para <strong data-start=\"1474\" data-end=\"1521\">journals, tarjeter\u00eda y layouts de scrapbook<\/strong>, estas piezas llenar\u00e1n tus creaciones de alegr\u00eda navide\u00f1a. \ud83c\udf81<\/p>\n<p style=\"text-align: center;\" data-start=\"1587\" data-end=\"1728\">Con un encantador <strong data-start=\"1605\" data-end=\"1623\">estilo vintage<\/strong> y un toque de <strong data-start=\"1638\" data-end=\"1667\">dise\u00f1os nuevos y modernos<\/strong>, \u00a1esta colecci\u00f3n se convertir\u00e1 en una de tus favoritas! \u2764\ufe0f<\/p>","protected":false},"excerpt":{"rendered":"<p>Our Christmas Spirit Ephemeras include 54 die cuts, beautifully designed and made in the USA \ud83c\uddfa\ud83c\uddf8. Printed with high-quality finishes to bring a magical holiday touch to your projects. \u2728 Perfect for journaling, cardmaking, and scrapbook layouts, these lovely pieces will fill your creations with Christmas cheer. \ud83c\udf81 With a charming vintage style and a [&hellip;]<\/p>\n","protected":false},"featured_media":22927,"comment_status":"open","ping_status":"closed","template":"","meta":{"_et_pb_use_builder":"","_et_pb_old_content":"","_et_gb_content_width":""},"product_brand":[],"product_cat":[997],"product_tag":[999,1007,1006,1008,690],"class_list":{"0":"post-22949","1":"product","2":"type-product","3":"status-publish","4":"has-post-thumbnail","6":"product_cat-christmas-spirit","7":"product_tag-christmas-spirit-collection","8":"product_tag-chritsmas-spirit-die-cuts","9":"product_tag-die-curs","10":"product_tag-holiday-die-cuts","11":"product_tag-scrapbooking-papers","13":"first","14":"instock","15":"sale","16":"taxable","17":"shipping-taxable","18":"purchasable","19":"product-type-simple"},"bundled_by":[],"bundle_stock_status":"instock","bundle_stock_quantity":25,"bundle_virtual":false,"bundle_layout":"","bundle_add_to_cart_form_location":"","bundle_editable_in_cart":false,"bundle_sold_individually_context":"","bundle_item_grouping":"","bundle_min_size":"","bundle_max_size":"","bundle_price":[],"bundled_items":[],"bundle_sell_ids":[],"_links":{"self":[{"href":"https:\/\/kncessentials.shop\/es\/wp-json\/wp\/v2\/product\/22949","targetHints":{"allow":["GET"]}}],"collection":[{"href":"https:\/\/kncessentials.shop\/es\/wp-json\/wp\/v2\/product"}],"about":[{"href":"https:\/\/kncessentials.shop\/es\/wp-json\/wp\/v2\/types\/product"}],"replies":[{"embeddable":true,"href":"https:\/\/kncessentials.shop\/es\/wp-json\/wp\/v2\/comments?post=22949"}],"wp:featuredmedia":[{"embeddable":true,"href":"https:\/\/kncessentials.shop\/es\/wp-json\/wp\/v2\/media\/22927"}],"wp:attachment":[{"href":"https:\/\/kncessentials.shop\/es\/wp-json\/wp\/v2\/media?parent=22949"}],"wp:term":[{"taxonomy":"product_brand","embeddable":true,"href":"https:\/\/kncessentials.shop\/es\/wp-json\/wp\/v2\/product_brand?post=22949"},{"taxonomy":"product_cat","embeddable":true,"href":"https:\/\/kncessentials.shop\/es\/wp-json\/wp\/v2\/product_cat?post=22949"},{"taxonomy":"product_tag","embeddable":true,"href":"https:\/\/kncessentials.shop\/es\/wp-json\/wp\/v2\/product_tag?post=22949"}],"curies":[{"name":"wp","href":"https:\/\/api.w.org\/{rel}","templated":true}]}}