{"id":11400,"date":"2023-03-23T12:11:58","date_gmt":"2023-03-23T19:11:58","guid":{"rendered":"https:\/\/kncessentials.shop\/producto\/small-precision-scissors-johanna-r\/"},"modified":"2024-02-18T17:55:10","modified_gmt":"2024-02-19T00:55:10","slug":"small-precision-scissors-johanna-r","status":"publish","type":"product","link":"https:\/\/kncessentials.shop\/es\/producto\/small-precision-scissors-johanna-r\/","title":{"rendered":"Small Precision Scissors Johanna R"},"content":{"rendered":"<p>Small Scissors 4&#34; Made in Spain with a soft touch and of tempered and anti-adhesive Japanese Steel, it is designed for maximum comfort, precision, and strength.<\/p>\n<p>Pastel pink handle and gray steel.<\/p>\n<p><\/p>\n<p>Tijeras de 4\u201d (10cm aprox.).\u00a0Marca Artis Decor con Johanna Rivero de Bellas y Creativas.<\/p>\n<p>Con tacto suave y hojas de Acero Japones templado y antiaherente, est\u00e1 dise\u00f1ada para m\u00e1xima comodidad, precisi\u00f3n y fuerza.<\/p>\n<p>Mango color rosa pastel y acero gris.<\/p>","protected":false},"excerpt":{"rendered":"<p>Small Scissors 4&#8243; Made in Spain with a soft touch and of tempered and anti-adhesive Japanese Steel, it is designed for maximum comfort, precision, and strength.<\/p>\n<p>Pastel pink handle and gray steel.<\/p>\n<p>Tijeras de 4\ufffd (10cm aprox.). Marca Artis Decor con Johanna Rivero de Bellas y Creativas.<\/p>\n<p>Con tacto suave y hojas de Acero Japones templado y antiaherente, est\ufffd dise\ufffdada para m\ufffdxima comodidad, precisi\ufffdn y fuerza.<\/p>\n<p>Mango color rosa pastel y acero gris.<\/p>","protected":false},"featured_media":11485,"comment_status":"open","ping_status":"closed","template":"","meta":{"_et_pb_use_builder":"","_et_pb_old_content":"","_et_gb_content_width":""},"product_brand":[],"product_cat":[85],"product_tag":[],"class_list":{"0":"post-11400","1":"product","2":"type-product","3":"status-publish","4":"has-post-thumbnail","6":"product_cat-johanna-rivero","8":"first","9":"instock","10":"taxable","11":"shipping-taxable","12":"purchasable","13":"product-type-simple"},"bundled_by":[],"bundle_stock_status":"instock","bundle_stock_quantity":null,"bundle_virtual":false,"bundle_layout":"","bundle_add_to_cart_form_location":"","bundle_editable_in_cart":false,"bundle_sold_individually_context":"","bundle_item_grouping":"","bundle_min_size":"","bundle_max_size":"","bundle_price":[],"bundled_items":[],"bundle_sell_ids":[],"_links":{"self":[{"href":"https:\/\/kncessentials.shop\/es\/wp-json\/wp\/v2\/product\/11400","targetHints":{"allow":["GET"]}}],"collection":[{"href":"https:\/\/kncessentials.shop\/es\/wp-json\/wp\/v2\/product"}],"about":[{"href":"https:\/\/kncessentials.shop\/es\/wp-json\/wp\/v2\/types\/product"}],"replies":[{"embeddable":true,"href":"https:\/\/kncessentials.shop\/es\/wp-json\/wp\/v2\/comments?post=11400"}],"wp:featuredmedia":[{"embeddable":true,"href":"https:\/\/kncessentials.shop\/es\/wp-json\/wp\/v2\/media\/11485"}],"wp:attachment":[{"href":"https:\/\/kncessentials.shop\/es\/wp-json\/wp\/v2\/media?parent=11400"}],"wp:term":[{"taxonomy":"product_brand","embeddable":true,"href":"https:\/\/kncessentials.shop\/es\/wp-json\/wp\/v2\/product_brand?post=11400"},{"taxonomy":"product_cat","embeddable":true,"href":"https:\/\/kncessentials.shop\/es\/wp-json\/wp\/v2\/product_cat?post=11400"},{"taxonomy":"product_tag","embeddable":true,"href":"https:\/\/kncessentials.shop\/es\/wp-json\/wp\/v2\/product_tag?post=11400"}],"curies":[{"name":"wp","href":"https:\/\/api.w.org\/{rel}","templated":true}]}}