{"id":22961,"date":"2025-11-16T17:30:18","date_gmt":"2025-11-17T00:30:18","guid":{"rendered":"https:\/\/kncessentials.shop\/?post_type=product&#038;p=22961"},"modified":"2025-12-27T07:31:19","modified_gmt":"2025-12-27T14:31:19","slug":"christmas-spirit-digital-scrapbook-collection","status":"publish","type":"product","link":"https:\/\/kncessentials.shop\/en\/producto\/christmas-spirit-digital-scrapbook-collection\/","title":{"rendered":"Christmas Spirit Digital Scrapbook Collection"},"content":{"rendered":"<div class=\"relative basis-auto flex-col -mb-(--composer-overlap-px) [--composer-overlap-px:28px] grow flex overflow-hidden\">\n<div class=\"relative h-full\">\n<div class=\"flex h-full flex-col overflow-y-auto thread-xl:pt-(--header-height) [scrollbar-gutter:stable_both-edges]\">\n<div class=\"flex flex-col text-sm thread-xl:pt-header-height pb-25\">\n<article class=\"text-token-text-primary w-full focus:outline-none [--shadow-height:45px] has-data-writing-block:pointer-events-none has-data-writing-block:-mt-(--shadow-height) has-data-writing-block:pt-(--shadow-height) [&amp;:has([data-writing-block])&gt;*]:pointer-events-auto [content-visibility:auto] supports-[content-visibility:auto]:[contain-intrinsic-size:auto_100lvh] scroll-mt-[calc(var(--header-height)+min(200px,max(70px,20svh)))]\" dir=\"auto\" tabindex=\"-1\" data-turn-id=\"request-6918a438-6b40-8326-874a-ad89d65ff2ce-25\" data-testid=\"conversation-turn-62\" data-scroll-anchor=\"true\" data-turn=\"assistant\">\n<div class=\"text-base my-auto mx-auto pb-10 [--thread-content-margin:--spacing(4)] thread-sm:[--thread-content-margin:--spacing(6)] thread-lg:[--thread-content-margin:--spacing(16)] px-(--thread-content-margin)\">\n<div class=\"[--thread-content-max-width:40rem] thread-lg:[--thread-content-max-width:48rem] mx-auto max-w-(--thread-content-max-width) flex-1 group\/turn-messages focus-visible:outline-hidden relative flex w-full min-w-0 flex-col agent-turn\" tabindex=\"-1\">\n<div class=\"flex max-w-full flex-col grow\">\n<div class=\"min-h-8 text-message relative flex w-full flex-col items-end gap-2 text-start break-words whitespace-normal [.text-message+&amp;]:mt-1\" dir=\"auto\" data-message-author-role=\"assistant\" data-message-id=\"7b0bbb73-762d-458e-88a1-715cbfba9001\" data-message-model-slug=\"gpt-5-1\">\n<div class=\"flex w-full flex-col gap-1 empty:hidden first:pt-[1px]\">\n<div class=\"markdown prose dark:prose-invert w-full break-words light markdown-new-styling\">\n<p style=\"text-align: center;\" data-start=\"236\" data-end=\"743\">\u00a0A nostalgic and magical Christmas-themed digital paper pack inspired by family memories.<\/p>\n<p style=\"text-align: center;\" data-start=\"236\" data-end=\"743\">Includes <strong data-start=\"386\" data-end=\"420\">12 printable background papers<\/strong>, <strong data-start=\"422\" data-end=\"444\">3 fussy cut sheets<\/strong>, deer illustrations, autumn elements, festive foods, and cozy holiday designs. Perfect for <strong data-start=\"536\" data-end=\"552\">scrapbooking<\/strong>, <strong data-start=\"554\" data-end=\"568\">cardmaking<\/strong>, <strong data-start=\"570\" data-end=\"584\">journaling<\/strong>, <strong data-start=\"586\" data-end=\"600\">DIY crafts<\/strong>, and <strong data-start=\"606\" data-end=\"638\">printable Christmas projects<\/strong>.<\/p>\n<p style=\"text-align: center;\" data-start=\"236\" data-end=\"743\">Print anytime, as many times as you want. Capture the magic of the season with warm, emotional artwork.<\/p>\n<\/div>\n<\/div>\n<\/div>\n<\/div>\n<\/div>\n<\/div>\n<\/article>\n<\/div>\n<\/div>\n<\/div>\n<\/div>\n<p style=\"text-align: center;\" data-start=\"780\" data-end=\"906\">Create heartwarming projects that capture memories, emotions, and the true spirit of the season with <strong data-start=\"881\" data-end=\"901\">Christmas Spirit<\/strong>. \ud83c\udf84<\/p>\n<p style=\"text-align: center;\" data-start=\"74\" data-end=\"340\"><em><strong data-start=\"74\" data-end=\"94\">Christmas Spirit<\/strong> es una colecci\u00f3n creada desde los recuerdos m\u00e1s c\u00e1lidos y nost\u00e1lgicos m\u00edos y de mis hijos. Cada ilustraci\u00f3n est\u00e1 inspirada en esos momentos especiales que vivimos juntos, para recordarnos la magia, el amor y la emoci\u00f3n de esta hermosa temporada.<\/em><\/p>\n<p style=\"text-align: center;\" data-start=\"342\" data-end=\"455\"><em>Es una colecci\u00f3n <strong data-start=\"359\" data-end=\"370\">digital<\/strong>, perfecta para que la imprimas <strong data-start=\"402\" data-end=\"452\">cuando quieras y todas las veces que necesites<\/strong>.<\/em><\/p>\n<p style=\"text-align: center;\" data-start=\"457\" data-end=\"602\"><em>Incluye:<\/em><br data-start=\"465\" data-end=\"468\" \/><em>\u2728 Incluye \u00a0A4 <strong data-start=\"470\" data-end=\"494\">12 p\u00e1ginas de fondos<\/strong> hermosos que te encantar\u00e1n<\/em><br data-start=\"521\" data-end=\"524\" \/><em>\u2728 <strong data-start=\"526\" data-end=\"568\">3 p\u00e1ginas de fussy cut (bits &amp; pieces)<\/strong> llenas de detalles encantadores<\/em><\/p>\n<p style=\"text-align: center;\" data-start=\"604\" data-end=\"743\"><em>Encontrar\u00e1s venados, toques oto\u00f1ales, comida t\u00edpica de nuestras celebraciones y elementos que evocan esos d\u00edas llenos de tradici\u00f3n y magia.<\/em><\/p>\n<p style=\"text-align: center;\" data-start=\"745\" data-end=\"862\">Una colecci\u00f3n ideal para crear proyectos que capturen recuerdos, emociones y la esencia m\u00e1s bonita de la Navidad. \ud83c\udf84\u2728<\/p>\n<p style=\"text-align: center;\" data-start=\"780\" data-end=\"906\">\n","protected":false},"excerpt":{"rendered":"<p>\u00a0A nostalgic and magical Christmas-themed digital paper pack inspired by family memories. Includes 12 printable background papers, 3 fussy cut sheets, deer illustrations, autumn elements, festive foods, and cozy holiday designs. Perfect for scrapbooking, cardmaking, journaling, DIY crafts, and printable Christmas projects. Print anytime, as many times as you want. Capture the magic of the [&hellip;]<\/p>\n","protected":false},"featured_media":22962,"comment_status":"open","ping_status":"closed","template":"","meta":{"_et_pb_use_builder":"","_et_pb_old_content":"","_et_gb_content_width":""},"product_brand":[],"product_cat":[997,687],"product_tag":[1013,1010,1011,1009,1014,1012],"class_list":{"0":"post-22961","1":"product","2":"type-product","3":"status-publish","4":"has-post-thumbnail","6":"product_cat-christmas-spirit","7":"product_cat-digital-products","8":"product_tag-christmas-crafting-printables","9":"product_tag-christmas-digital-scrapbook-paper","10":"product_tag-christmas-fussy-cuts","11":"product_tag-christmas-spirit-digital-collection","12":"product_tag-digital-scrapbooking-christmas","13":"product_tag-holiday-scrapbook-collection","15":"first","16":"instock","17":"sale","18":"downloadable","19":"virtual","20":"taxable","21":"purchasable","22":"product-type-simple"},"bundled_by":[],"bundle_stock_status":"instock","bundle_stock_quantity":18,"bundle_virtual":false,"bundle_layout":"","bundle_add_to_cart_form_location":"","bundle_editable_in_cart":false,"bundle_sold_individually_context":"","bundle_item_grouping":"","bundle_min_size":"","bundle_max_size":"","bundle_price":[],"bundled_items":[],"bundle_sell_ids":[],"yoast_head":"<!-- This site is optimized with the Yoast SEO plugin v27.5 - https:\/\/yoast.com\/product\/yoast-seo-wordpress\/ -->\n<title>Christmas Spirit Digital Scrapbook Collection - KNC Essentials<\/title>\n<meta name=\"robots\" content=\"index, follow, max-snippet:-1, max-image-preview:large, max-video-preview:-1\" \/>\n<link rel=\"canonical\" href=\"https:\/\/kncessentials.shop\/en\/producto\/christmas-spirit-digital-scrapbook-collection\/\" \/>\n<meta property=\"og:locale\" content=\"en_US\" \/>\n<meta property=\"og:type\" content=\"article\" \/>\n<meta property=\"og:title\" content=\"Christmas Spirit Digital Scrapbook Collection - KNC Essentials\" \/>\n<meta property=\"og:description\" content=\"\u00a0A nostalgic and magical Christmas-themed digital paper pack inspired by family memories. Includes 12 printable background papers, 3 fussy cut sheets, deer illustrations, autumn elements, festive foods, and cozy holiday designs. Perfect for scrapbooking, cardmaking, journaling, DIY crafts, and printable Christmas projects. Print anytime, as many times as you want. Capture the magic of the [&hellip;]\" \/>\n<meta property=\"og:url\" content=\"https:\/\/kncessentials.shop\/en\/producto\/christmas-spirit-digital-scrapbook-collection\/\" \/>\n<meta property=\"og:site_name\" content=\"KNC Essentials\" \/>\n<meta property=\"article:modified_time\" content=\"2025-12-27T14:31:19+00:00\" \/>\n<meta property=\"og:image\" content=\"https:\/\/kncessentials.shop\/wp-content\/uploads\/2025\/11\/1.webp\" \/>\n\t<meta property=\"og:image:width\" content=\"2000\" \/>\n\t<meta property=\"og:image:height\" content=\"1545\" \/>\n\t<meta property=\"og:image:type\" content=\"image\/webp\" \/>\n<meta name=\"twitter:card\" content=\"summary_large_image\" \/>\n<meta name=\"twitter:label1\" content=\"Est. reading time\" \/>\n\t<meta name=\"twitter:data1\" content=\"1 minute\" \/>\n<script type=\"application\/ld+json\" class=\"yoast-schema-graph\">{\"@context\":\"https:\\\/\\\/schema.org\",\"@graph\":[{\"@type\":\"WebPage\",\"@id\":\"https:\\\/\\\/kncessentials.shop\\\/producto\\\/christmas-spirit-digital-scrapbook-collection\\\/\",\"url\":\"https:\\\/\\\/kncessentials.shop\\\/producto\\\/christmas-spirit-digital-scrapbook-collection\\\/\",\"name\":\"Christmas Spirit Digital Scrapbook Collection - KNC Essentials\",\"isPartOf\":{\"@id\":\"https:\\\/\\\/kncessentials.shop\\\/#website\"},\"primaryImageOfPage\":{\"@id\":\"https:\\\/\\\/kncessentials.shop\\\/producto\\\/christmas-spirit-digital-scrapbook-collection\\\/#primaryimage\"},\"image\":{\"@id\":\"https:\\\/\\\/kncessentials.shop\\\/producto\\\/christmas-spirit-digital-scrapbook-collection\\\/#primaryimage\"},\"thumbnailUrl\":\"https:\\\/\\\/kncessentials.shop\\\/wp-content\\\/uploads\\\/2025\\\/11\\\/1.webp\",\"datePublished\":\"2025-11-17T00:30:18+00:00\",\"dateModified\":\"2025-12-27T14:31:19+00:00\",\"breadcrumb\":{\"@id\":\"https:\\\/\\\/kncessentials.shop\\\/producto\\\/christmas-spirit-digital-scrapbook-collection\\\/#breadcrumb\"},\"inLanguage\":\"en-US\",\"potentialAction\":[{\"@type\":\"ReadAction\",\"target\":[\"https:\\\/\\\/kncessentials.shop\\\/producto\\\/christmas-spirit-digital-scrapbook-collection\\\/\"]}]},{\"@type\":\"ImageObject\",\"inLanguage\":\"en-US\",\"@id\":\"https:\\\/\\\/kncessentials.shop\\\/producto\\\/christmas-spirit-digital-scrapbook-collection\\\/#primaryimage\",\"url\":\"https:\\\/\\\/kncessentials.shop\\\/wp-content\\\/uploads\\\/2025\\\/11\\\/1.webp\",\"contentUrl\":\"https:\\\/\\\/kncessentials.shop\\\/wp-content\\\/uploads\\\/2025\\\/11\\\/1.webp\",\"width\":2000,\"height\":1545},{\"@type\":\"BreadcrumbList\",\"@id\":\"https:\\\/\\\/kncessentials.shop\\\/producto\\\/christmas-spirit-digital-scrapbook-collection\\\/#breadcrumb\",\"itemListElement\":[{\"@type\":\"ListItem\",\"position\":1,\"name\":\"Home\",\"item\":\"https:\\\/\\\/kncessentials.shop\\\/en\\\/\"},{\"@type\":\"ListItem\",\"position\":2,\"name\":\"Products\",\"item\":\"https:\\\/\\\/kncessentials.shop\\\/en\\\/shop\\\/\"},{\"@type\":\"ListItem\",\"position\":3,\"name\":\"Christmas Spirit Digital Scrapbook Collection\"}]},{\"@type\":\"WebSite\",\"@id\":\"https:\\\/\\\/kncessentials.shop\\\/#website\",\"url\":\"https:\\\/\\\/kncessentials.shop\\\/\",\"name\":\"KNC Essentials\",\"description\":\"Unleash Your Imagination\",\"potentialAction\":[{\"@type\":\"SearchAction\",\"target\":{\"@type\":\"EntryPoint\",\"urlTemplate\":\"https:\\\/\\\/kncessentials.shop\\\/?s={search_term_string}\"},\"query-input\":{\"@type\":\"PropertyValueSpecification\",\"valueRequired\":true,\"valueName\":\"search_term_string\"}}],\"inLanguage\":\"en-US\"}]}<\/script>\n<!-- \/ Yoast SEO plugin. -->","yoast_head_json":{"title":"Christmas Spirit Digital Scrapbook Collection - KNC Essentials","robots":{"index":"index","follow":"follow","max-snippet":"max-snippet:-1","max-image-preview":"max-image-preview:large","max-video-preview":"max-video-preview:-1"},"canonical":"https:\/\/kncessentials.shop\/en\/producto\/christmas-spirit-digital-scrapbook-collection\/","og_locale":"en_US","og_type":"article","og_title":"Christmas Spirit Digital Scrapbook Collection - KNC Essentials","og_description":"\u00a0A nostalgic and magical Christmas-themed digital paper pack inspired by family memories. Includes 12 printable background papers, 3 fussy cut sheets, deer illustrations, autumn elements, festive foods, and cozy holiday designs. Perfect for scrapbooking, cardmaking, journaling, DIY crafts, and printable Christmas projects. Print anytime, as many times as you want. Capture the magic of the [&hellip;]","og_url":"https:\/\/kncessentials.shop\/en\/producto\/christmas-spirit-digital-scrapbook-collection\/","og_site_name":"KNC Essentials","article_modified_time":"2025-12-27T14:31:19+00:00","og_image":[{"width":2000,"height":1545,"url":"https:\/\/kncessentials.shop\/wp-content\/uploads\/2025\/11\/1.webp","type":"image\/webp"}],"twitter_card":"summary_large_image","twitter_misc":{"Est. reading time":"1 minute"},"schema":{"@context":"https:\/\/schema.org","@graph":[{"@type":"WebPage","@id":"https:\/\/kncessentials.shop\/producto\/christmas-spirit-digital-scrapbook-collection\/","url":"https:\/\/kncessentials.shop\/producto\/christmas-spirit-digital-scrapbook-collection\/","name":"Christmas Spirit Digital Scrapbook Collection - KNC Essentials","isPartOf":{"@id":"https:\/\/kncessentials.shop\/#website"},"primaryImageOfPage":{"@id":"https:\/\/kncessentials.shop\/producto\/christmas-spirit-digital-scrapbook-collection\/#primaryimage"},"image":{"@id":"https:\/\/kncessentials.shop\/producto\/christmas-spirit-digital-scrapbook-collection\/#primaryimage"},"thumbnailUrl":"https:\/\/kncessentials.shop\/wp-content\/uploads\/2025\/11\/1.webp","datePublished":"2025-11-17T00:30:18+00:00","dateModified":"2025-12-27T14:31:19+00:00","breadcrumb":{"@id":"https:\/\/kncessentials.shop\/producto\/christmas-spirit-digital-scrapbook-collection\/#breadcrumb"},"inLanguage":"en-US","potentialAction":[{"@type":"ReadAction","target":["https:\/\/kncessentials.shop\/producto\/christmas-spirit-digital-scrapbook-collection\/"]}]},{"@type":"ImageObject","inLanguage":"en-US","@id":"https:\/\/kncessentials.shop\/producto\/christmas-spirit-digital-scrapbook-collection\/#primaryimage","url":"https:\/\/kncessentials.shop\/wp-content\/uploads\/2025\/11\/1.webp","contentUrl":"https:\/\/kncessentials.shop\/wp-content\/uploads\/2025\/11\/1.webp","width":2000,"height":1545},{"@type":"BreadcrumbList","@id":"https:\/\/kncessentials.shop\/producto\/christmas-spirit-digital-scrapbook-collection\/#breadcrumb","itemListElement":[{"@type":"ListItem","position":1,"name":"Home","item":"https:\/\/kncessentials.shop\/en\/"},{"@type":"ListItem","position":2,"name":"Products","item":"https:\/\/kncessentials.shop\/en\/shop\/"},{"@type":"ListItem","position":3,"name":"Christmas Spirit Digital Scrapbook Collection"}]},{"@type":"WebSite","@id":"https:\/\/kncessentials.shop\/#website","url":"https:\/\/kncessentials.shop\/","name":"KNC Essentials","description":"Unleash Your Imagination","potentialAction":[{"@type":"SearchAction","target":{"@type":"EntryPoint","urlTemplate":"https:\/\/kncessentials.shop\/?s={search_term_string}"},"query-input":{"@type":"PropertyValueSpecification","valueRequired":true,"valueName":"search_term_string"}}],"inLanguage":"en-US"}]}},"jetpack_sharing_enabled":true,"_links":{"self":[{"href":"https:\/\/kncessentials.shop\/en\/wp-json\/wp\/v2\/product\/22961","targetHints":{"allow":["GET"]}}],"collection":[{"href":"https:\/\/kncessentials.shop\/en\/wp-json\/wp\/v2\/product"}],"about":[{"href":"https:\/\/kncessentials.shop\/en\/wp-json\/wp\/v2\/types\/product"}],"replies":[{"embeddable":true,"href":"https:\/\/kncessentials.shop\/en\/wp-json\/wp\/v2\/comments?post=22961"}],"wp:featuredmedia":[{"embeddable":true,"href":"https:\/\/kncessentials.shop\/en\/wp-json\/wp\/v2\/media\/22962"}],"wp:attachment":[{"href":"https:\/\/kncessentials.shop\/en\/wp-json\/wp\/v2\/media?parent=22961"}],"wp:term":[{"taxonomy":"product_brand","embeddable":true,"href":"https:\/\/kncessentials.shop\/en\/wp-json\/wp\/v2\/product_brand?post=22961"},{"taxonomy":"product_cat","embeddable":true,"href":"https:\/\/kncessentials.shop\/en\/wp-json\/wp\/v2\/product_cat?post=22961"},{"taxonomy":"product_tag","embeddable":true,"href":"https:\/\/kncessentials.shop\/en\/wp-json\/wp\/v2\/product_tag?post=22961"}],"curies":[{"name":"wp","href":"https:\/\/api.w.org\/{rel}","templated":true}]}}