{"id":11489,"date":"2023-03-24T14:59:49","date_gmt":"2023-03-24T21:59:49","guid":{"rendered":"https:\/\/kncessentials.shop\/?post_type=product&#038;p=11489"},"modified":"2024-07-12T13:59:08","modified_gmt":"2024-07-12T20:59:08","slug":"perfect-tacky","status":"publish","type":"product","link":"https:\/\/kncessentials.shop\/en\/producto\/perfect-tacky\/","title":{"rendered":"PERFECT TACKY"},"content":{"rendered":"<p>Ultra strong drie clear, nontoxic, is perfect for fabrics, paper perfect for book binding<\/p>\n<p>Adhesivo denso, para cuando necesites un pegamento resistente que pueda hacer el trabajo r\u00e1pidamente.<br \/>\nEste pegamento se seca hasta un 50% m\u00e1s r\u00e1pido.<br \/>\nSeca transparente, flexible y sin \u00e1cido. F\u00f3rmula no t\u00f3xica.<br \/>\nPoco olor y es segura para usar en la mayor\u00eda de las superfcies de manualidades.<\/p>\n","protected":false},"excerpt":{"rendered":"<p>Ultra strong drie clear, nontoxic, is perfect for fabrics, paper perfect for book binding<\/p>\n<p>Adhesivo denso, para cuando necesites un pegamento resistente que pueda hacer el trabajo r\u00e1pidamente.<br \/>\nEste pegamento se seca hasta un 50% m\u00e1s r\u00e1pido.<br \/>\nSeca transparente, flexible y sin \u00e1cido. F\u00f3rmula no t\u00f3xica.<br \/>\nPoco olor y es segura para usar en la mayor\u00eda de las superfcies de manualidades.<\/p>\n","protected":false},"featured_media":11490,"comment_status":"open","ping_status":"closed","template":"","meta":{"_et_pb_use_builder":"","_et_pb_old_content":"","_et_gb_content_width":""},"product_brand":[],"product_cat":[143,737],"product_tag":[517,604,610,272,603,524,522,220,523,525,521,218,221,611],"class_list":{"0":"post-11489","1":"product","2":"type-product","3":"status-publish","4":"has-post-thumbnail","6":"product_cat-tools-adhesives","7":"product_cat-tools-adhesives-bookbiding-agendas","8":"product_tag-bellas-y-creativas","9":"product_tag-bookbinding-adhesive","10":"product_tag-caminos-christmas-collection","11":"product_tag-cardmaking","12":"product_tag-cold-silicon","13":"product_tag-craft","14":"product_tag-johanna-rivero","15":"product_tag-knc-essentials","16":"product_tag-layouts","17":"product_tag-manualidades","18":"product_tag-mi-hogar","19":"product_tag-scrapbook-paper","20":"product_tag-scrapbooking","21":"product_tag-tools-adhesivestags-adhesive","23":"first","24":"instock","25":"sold-individually","26":"taxable","27":"shipping-taxable","28":"purchasable","29":"product-type-simple"},"bundled_by":[],"bundle_stock_status":"instock","bundle_stock_quantity":1,"bundle_virtual":false,"bundle_layout":"","bundle_add_to_cart_form_location":"","bundle_editable_in_cart":false,"bundle_sold_individually_context":"","bundle_item_grouping":"","bundle_min_size":"","bundle_max_size":"","bundle_price":[],"bundled_items":[],"bundle_sell_ids":[],"_links":{"self":[{"href":"https:\/\/kncessentials.shop\/en\/wp-json\/wp\/v2\/product\/11489","targetHints":{"allow":["GET"]}}],"collection":[{"href":"https:\/\/kncessentials.shop\/en\/wp-json\/wp\/v2\/product"}],"about":[{"href":"https:\/\/kncessentials.shop\/en\/wp-json\/wp\/v2\/types\/product"}],"replies":[{"embeddable":true,"href":"https:\/\/kncessentials.shop\/en\/wp-json\/wp\/v2\/comments?post=11489"}],"wp:featuredmedia":[{"embeddable":true,"href":"https:\/\/kncessentials.shop\/en\/wp-json\/wp\/v2\/media\/11490"}],"wp:attachment":[{"href":"https:\/\/kncessentials.shop\/en\/wp-json\/wp\/v2\/media?parent=11489"}],"wp:term":[{"taxonomy":"product_brand","embeddable":true,"href":"https:\/\/kncessentials.shop\/en\/wp-json\/wp\/v2\/product_brand?post=11489"},{"taxonomy":"product_cat","embeddable":true,"href":"https:\/\/kncessentials.shop\/en\/wp-json\/wp\/v2\/product_cat?post=11489"},{"taxonomy":"product_tag","embeddable":true,"href":"https:\/\/kncessentials.shop\/en\/wp-json\/wp\/v2\/product_tag?post=11489"}],"curies":[{"name":"wp","href":"https:\/\/api.w.org\/{rel}","templated":true}]}}