{"id":11399,"date":"2023-03-23T12:11:57","date_gmt":"2023-03-23T19:11:57","guid":{"rendered":"https:\/\/kncessentials.shop\/producto\/ecopiel-blin-charol-stretch-negro\/"},"modified":"2024-04-16T15:11:47","modified_gmt":"2024-04-16T22:11:47","slug":"ecopiel-blin-charol-stretch-negro","status":"publish","type":"product","link":"https:\/\/kncessentials.shop\/en\/producto\/ecopiel-blin-charol-stretch-negro\/","title":{"rendered":"Stretch Black Pat Leather JREC084"},"content":{"rendered":"","protected":false},"excerpt":{"rendered":"<div class=\"et_pb_module et_pb_wc_description et_pb_wc_description_0_tb_body et_pb_bg_layout_light et_pb_text_align_left\">\n<div class=\"et_pb_module_inner\">\n<div class=\"et_pb_module et_pb_wc_description et_pb_wc_description_0_tb_body et_pb_bg_layout_light et_pb_text_align_left\">\n<div class=\"et_pb_module_inner\">\n<p>This Eco-leather can be used in upholstery, album covers, accessories, albums, etc. You can do everything with these fabrics.<\/p>\n<p>You need one of these fabrics on your scrapbooking table. Giving impeccable finishes to scrapbooking projects<br \/>\nMeasurements: 11\u00d720 inches<br \/>\nUSED WITH ALEENES TACKIE GLUE FABRIC -TAC<\/p>\n<p>Tejido para encuadernaci\u00f3n.<\/p>\n<p>Usar con cola de encuadernaci\u00f3n o BLOK.<\/p>\n<p>Medidas: 30 x 50 cm<\/p>\n<\/div>\n<\/div>\n<div class=\"et_pb_with_border et_pb_module et_pb_wc_add_to_cart et_pb_wc_add_to_cart_0_tb_body dfw-26-add-to-cart et_pb_fields_label_position_default et_pb_bg_layout_ et_pb_text_align_left\">\n<div class=\"et_pb_module_inner\"><\/div>\n<\/div>\n<\/div>\n<\/div>\n<div class=\"et_pb_with_border et_pb_module et_pb_wc_add_to_cart et_pb_wc_add_to_cart_0_tb_body dfw-26-add-to-cart et_pb_fields_label_position_default et_pb_bg_layout_ et_pb_text_align_left\">\n<div class=\"et_pb_module_inner\"><\/div>\n<\/div>\n","protected":false},"featured_media":11479,"comment_status":"open","ping_status":"closed","template":"","meta":{"_et_pb_use_builder":"","_et_pb_old_content":"","_et_gb_content_width":""},"product_brand":[],"product_cat":[89],"product_tag":[445,446],"class_list":{"0":"post-11399","1":"product","2":"type-product","3":"status-publish","4":"has-post-thumbnail","6":"product_cat-bookbinding-fabric-rolls","7":"product_tag-bidding-rolls","8":"product_tag-fabric-for-bidding","10":"first","11":"instock","12":"taxable","13":"shipping-taxable","14":"purchasable","15":"product-type-simple"},"bundled_by":[],"bundle_stock_status":"instock","bundle_stock_quantity":8,"bundle_virtual":false,"bundle_layout":"","bundle_add_to_cart_form_location":"","bundle_editable_in_cart":false,"bundle_sold_individually_context":"","bundle_item_grouping":"","bundle_min_size":"","bundle_max_size":"","bundle_price":[],"bundled_items":[],"bundle_sell_ids":[],"yoast_head":"<!-- This site is optimized with the Yoast SEO plugin v27.5 - https:\/\/yoast.com\/product\/yoast-seo-wordpress\/ -->\n<title>Stretch Black Pat Leather JREC084 - KNC Essentials<\/title>\n<meta name=\"robots\" content=\"index, follow, max-snippet:-1, max-image-preview:large, max-video-preview:-1\" \/>\n<link rel=\"canonical\" href=\"https:\/\/kncessentials.shop\/en\/producto\/ecopiel-blin-charol-stretch-negro\/\" \/>\n<meta property=\"og:locale\" content=\"en_US\" \/>\n<meta property=\"og:type\" content=\"article\" \/>\n<meta property=\"og:title\" content=\"Stretch Black Pat Leather JREC084 - KNC Essentials\" \/>\n<meta property=\"og:description\" content=\"This Eco-leather can be used in upholstery, album covers, accessories, albums, etc. You can do everything with these fabrics.  You need one of these fabrics on your scrapbooking table. Giving impeccable finishes to scrapbooking projects Measurements: 11\u00d720 inches USED WITH ALEENES TACKIE GLUE FABRIC -TAC  Tejido para encuadernaci\u00f3n.  Usar con cola de encuadernaci\u00f3n o BLOK.  Medidas: 30 x 50 cm\" \/>\n<meta property=\"og:url\" content=\"https:\/\/kncessentials.shop\/en\/producto\/ecopiel-blin-charol-stretch-negro\/\" \/>\n<meta property=\"og:site_name\" content=\"KNC Essentials\" \/>\n<meta property=\"article:modified_time\" content=\"2024-04-16T22:11:47+00:00\" \/>\n<meta property=\"og:image\" content=\"https:\/\/kncessentials.shop\/wp-content\/uploads\/2023\/03\/rollito_vivir_johanna_rivero_ecopiel_teper_tedur1-scaled.jpg\" \/>\n\t<meta property=\"og:image:width\" content=\"1080\" \/>\n\t<meta property=\"og:image:height\" content=\"1920\" \/>\n\t<meta property=\"og:image:type\" content=\"image\/jpeg\" \/>\n<meta name=\"twitter:card\" content=\"summary_large_image\" \/>\n<script type=\"application\/ld+json\" class=\"yoast-schema-graph\">{\"@context\":\"https:\\\/\\\/schema.org\",\"@graph\":[{\"@type\":\"WebPage\",\"@id\":\"https:\\\/\\\/kncessentials.shop\\\/producto\\\/ecopiel-blin-charol-stretch-negro\\\/\",\"url\":\"https:\\\/\\\/kncessentials.shop\\\/producto\\\/ecopiel-blin-charol-stretch-negro\\\/\",\"name\":\"Stretch Black Pat Leather JREC084 - KNC Essentials\",\"isPartOf\":{\"@id\":\"https:\\\/\\\/kncessentials.shop\\\/#website\"},\"primaryImageOfPage\":{\"@id\":\"https:\\\/\\\/kncessentials.shop\\\/producto\\\/ecopiel-blin-charol-stretch-negro\\\/#primaryimage\"},\"image\":{\"@id\":\"https:\\\/\\\/kncessentials.shop\\\/producto\\\/ecopiel-blin-charol-stretch-negro\\\/#primaryimage\"},\"thumbnailUrl\":\"https:\\\/\\\/kncessentials.shop\\\/wp-content\\\/uploads\\\/2023\\\/03\\\/rollito_vivir_johanna_rivero_ecopiel_teper_tedur1-scaled.jpg\",\"datePublished\":\"2023-03-23T19:11:57+00:00\",\"dateModified\":\"2024-04-16T22:11:47+00:00\",\"breadcrumb\":{\"@id\":\"https:\\\/\\\/kncessentials.shop\\\/producto\\\/ecopiel-blin-charol-stretch-negro\\\/#breadcrumb\"},\"inLanguage\":\"en-US\",\"potentialAction\":[{\"@type\":\"ReadAction\",\"target\":[\"https:\\\/\\\/kncessentials.shop\\\/producto\\\/ecopiel-blin-charol-stretch-negro\\\/\"]}]},{\"@type\":\"ImageObject\",\"inLanguage\":\"en-US\",\"@id\":\"https:\\\/\\\/kncessentials.shop\\\/producto\\\/ecopiel-blin-charol-stretch-negro\\\/#primaryimage\",\"url\":\"https:\\\/\\\/kncessentials.shop\\\/wp-content\\\/uploads\\\/2023\\\/03\\\/rollito_vivir_johanna_rivero_ecopiel_teper_tedur1-scaled.jpg\",\"contentUrl\":\"https:\\\/\\\/kncessentials.shop\\\/wp-content\\\/uploads\\\/2023\\\/03\\\/rollito_vivir_johanna_rivero_ecopiel_teper_tedur1-scaled.jpg\",\"width\":1080,\"height\":1920},{\"@type\":\"BreadcrumbList\",\"@id\":\"https:\\\/\\\/kncessentials.shop\\\/producto\\\/ecopiel-blin-charol-stretch-negro\\\/#breadcrumb\",\"itemListElement\":[{\"@type\":\"ListItem\",\"position\":1,\"name\":\"Home\",\"item\":\"https:\\\/\\\/kncessentials.shop\\\/en\\\/\"},{\"@type\":\"ListItem\",\"position\":2,\"name\":\"Products\",\"item\":\"https:\\\/\\\/kncessentials.shop\\\/en\\\/shop\\\/\"},{\"@type\":\"ListItem\",\"position\":3,\"name\":\"Stretch Black Pat Leather JREC084\"}]},{\"@type\":\"WebSite\",\"@id\":\"https:\\\/\\\/kncessentials.shop\\\/#website\",\"url\":\"https:\\\/\\\/kncessentials.shop\\\/\",\"name\":\"KNC Essentials\",\"description\":\"Unleash Your Imagination\",\"potentialAction\":[{\"@type\":\"SearchAction\",\"target\":{\"@type\":\"EntryPoint\",\"urlTemplate\":\"https:\\\/\\\/kncessentials.shop\\\/?s={search_term_string}\"},\"query-input\":{\"@type\":\"PropertyValueSpecification\",\"valueRequired\":true,\"valueName\":\"search_term_string\"}}],\"inLanguage\":\"en-US\"}]}<\/script>\n<!-- \/ Yoast SEO plugin. -->","yoast_head_json":{"title":"Stretch Black Pat Leather JREC084 - KNC Essentials","robots":{"index":"index","follow":"follow","max-snippet":"max-snippet:-1","max-image-preview":"max-image-preview:large","max-video-preview":"max-video-preview:-1"},"canonical":"https:\/\/kncessentials.shop\/en\/producto\/ecopiel-blin-charol-stretch-negro\/","og_locale":"en_US","og_type":"article","og_title":"Stretch Black Pat Leather JREC084 - KNC Essentials","og_description":"This Eco-leather can be used in upholstery, album covers, accessories, albums, etc. You can do everything with these fabrics.  You need one of these fabrics on your scrapbooking table. Giving impeccable finishes to scrapbooking projects Measurements: 11\u00d720 inches USED WITH ALEENES TACKIE GLUE FABRIC -TAC  Tejido para encuadernaci\u00f3n.  Usar con cola de encuadernaci\u00f3n o BLOK.  Medidas: 30 x 50 cm","og_url":"https:\/\/kncessentials.shop\/en\/producto\/ecopiel-blin-charol-stretch-negro\/","og_site_name":"KNC Essentials","article_modified_time":"2024-04-16T22:11:47+00:00","og_image":[{"width":1080,"height":1920,"url":"https:\/\/kncessentials.shop\/wp-content\/uploads\/2023\/03\/rollito_vivir_johanna_rivero_ecopiel_teper_tedur1-scaled.jpg","type":"image\/jpeg"}],"twitter_card":"summary_large_image","schema":{"@context":"https:\/\/schema.org","@graph":[{"@type":"WebPage","@id":"https:\/\/kncessentials.shop\/producto\/ecopiel-blin-charol-stretch-negro\/","url":"https:\/\/kncessentials.shop\/producto\/ecopiel-blin-charol-stretch-negro\/","name":"Stretch Black Pat Leather JREC084 - KNC Essentials","isPartOf":{"@id":"https:\/\/kncessentials.shop\/#website"},"primaryImageOfPage":{"@id":"https:\/\/kncessentials.shop\/producto\/ecopiel-blin-charol-stretch-negro\/#primaryimage"},"image":{"@id":"https:\/\/kncessentials.shop\/producto\/ecopiel-blin-charol-stretch-negro\/#primaryimage"},"thumbnailUrl":"https:\/\/kncessentials.shop\/wp-content\/uploads\/2023\/03\/rollito_vivir_johanna_rivero_ecopiel_teper_tedur1-scaled.jpg","datePublished":"2023-03-23T19:11:57+00:00","dateModified":"2024-04-16T22:11:47+00:00","breadcrumb":{"@id":"https:\/\/kncessentials.shop\/producto\/ecopiel-blin-charol-stretch-negro\/#breadcrumb"},"inLanguage":"en-US","potentialAction":[{"@type":"ReadAction","target":["https:\/\/kncessentials.shop\/producto\/ecopiel-blin-charol-stretch-negro\/"]}]},{"@type":"ImageObject","inLanguage":"en-US","@id":"https:\/\/kncessentials.shop\/producto\/ecopiel-blin-charol-stretch-negro\/#primaryimage","url":"https:\/\/kncessentials.shop\/wp-content\/uploads\/2023\/03\/rollito_vivir_johanna_rivero_ecopiel_teper_tedur1-scaled.jpg","contentUrl":"https:\/\/kncessentials.shop\/wp-content\/uploads\/2023\/03\/rollito_vivir_johanna_rivero_ecopiel_teper_tedur1-scaled.jpg","width":1080,"height":1920},{"@type":"BreadcrumbList","@id":"https:\/\/kncessentials.shop\/producto\/ecopiel-blin-charol-stretch-negro\/#breadcrumb","itemListElement":[{"@type":"ListItem","position":1,"name":"Home","item":"https:\/\/kncessentials.shop\/en\/"},{"@type":"ListItem","position":2,"name":"Products","item":"https:\/\/kncessentials.shop\/en\/shop\/"},{"@type":"ListItem","position":3,"name":"Stretch Black Pat Leather JREC084"}]},{"@type":"WebSite","@id":"https:\/\/kncessentials.shop\/#website","url":"https:\/\/kncessentials.shop\/","name":"KNC Essentials","description":"Unleash Your Imagination","potentialAction":[{"@type":"SearchAction","target":{"@type":"EntryPoint","urlTemplate":"https:\/\/kncessentials.shop\/?s={search_term_string}"},"query-input":{"@type":"PropertyValueSpecification","valueRequired":true,"valueName":"search_term_string"}}],"inLanguage":"en-US"}]}},"jetpack_sharing_enabled":true,"_links":{"self":[{"href":"https:\/\/kncessentials.shop\/en\/wp-json\/wp\/v2\/product\/11399","targetHints":{"allow":["GET"]}}],"collection":[{"href":"https:\/\/kncessentials.shop\/en\/wp-json\/wp\/v2\/product"}],"about":[{"href":"https:\/\/kncessentials.shop\/en\/wp-json\/wp\/v2\/types\/product"}],"replies":[{"embeddable":true,"href":"https:\/\/kncessentials.shop\/en\/wp-json\/wp\/v2\/comments?post=11399"}],"wp:featuredmedia":[{"embeddable":true,"href":"https:\/\/kncessentials.shop\/en\/wp-json\/wp\/v2\/media\/11479"}],"wp:attachment":[{"href":"https:\/\/kncessentials.shop\/en\/wp-json\/wp\/v2\/media?parent=11399"}],"wp:term":[{"taxonomy":"product_brand","embeddable":true,"href":"https:\/\/kncessentials.shop\/en\/wp-json\/wp\/v2\/product_brand?post=11399"},{"taxonomy":"product_cat","embeddable":true,"href":"https:\/\/kncessentials.shop\/en\/wp-json\/wp\/v2\/product_cat?post=11399"},{"taxonomy":"product_tag","embeddable":true,"href":"https:\/\/kncessentials.shop\/en\/wp-json\/wp\/v2\/product_tag?post=11399"}],"curies":[{"name":"wp","href":"https:\/\/api.w.org\/{rel}","templated":true}]}}